{"id":10627,"date":"2024-02-28T19:32:25","date_gmt":"2024-02-28T19:32:25","guid":{"rendered":"https:\/\/teczhar.com\/?post_type=product&#038;p=10627"},"modified":"2024-02-28T19:35:59","modified_gmt":"2024-02-28T19:35:59","slug":"fluke-bt510-battery-analyzer","status":"publish","type":"product","link":"https:\/\/www.teczhar.com\/?product=fluke-bt510-battery-analyzer","title":{"rendered":"FLUKE BT510 BATTERY ANALYZER"},"content":{"rendered":"<table class=\"woocommerce-product-attributes shop_attributes\">\n<tbody>\n<tr class=\"woocommerce-product-attributes-item woocommerce-product-attributes-item--attribute_pa_attribute\">\n<th class=\"woocommerce-product-attributes-item__label\">ATTRIBUTE<\/th>\n<td class=\"woocommerce-product-attributes-item__value\"><a href=\"https:\/\/techmaster.com.vn\/en\/attribute\/electricity\/\" rel=\"tag\">Electricity<\/a><\/td>\n<\/tr>\n<tr class=\"woocommerce-product-attributes-item woocommerce-product-attributes-item--attribute_pa_brand\">\n<th class=\"woocommerce-product-attributes-item__label\">BRAND<\/th>\n<td class=\"woocommerce-product-attributes-item__value\"><a href=\"https:\/\/techmaster.com.vn\/en\/brand\/fluke-en\/\" rel=\"tag\">Fluke<\/a><\/td>\n<\/tr>\n<\/tbody>\n<\/table>\n<p><strong>SPECIFICATIONS FLUKE BT510 BATTERY ANALYZER<\/strong><\/p>\n<p><a href=\"https:\/\/techmaster.com.vn\/wp-content\/uploads\/2020\/12\/spec-fluke-BT510-1.png\"><img fetchpriority=\"high\" decoding=\"async\" class=\"alignnone wp-image-20236 entered litespeed-loaded\" src=\"https:\/\/techmaster.com.vn\/wp-content\/uploads\/2020\/12\/spec-fluke-BT510-1.png\" alt=\"Spec Fluke BT510\" width=\"623\" height=\"486\" data-lazyloaded=\"1\" data-src=\"https:\/\/techmaster.com.vn\/wp-content\/uploads\/2020\/12\/spec-fluke-BT510-1.png\" data-ll-status=\"loaded\" \/><\/a><a href=\"https:\/\/techmaster.com.vn\/wp-content\/uploads\/2020\/12\/spec-fluke-BT510-2.png\"><img decoding=\"async\" class=\"alignnone wp-image-20240 entered litespeed-loaded\" src=\"https:\/\/techmaster.com.vn\/wp-content\/uploads\/2020\/12\/spec-fluke-BT510-2.png\" alt=\"Spec Fluke BT510-2\" width=\"623\" height=\"486\" data-lazyloaded=\"1\" data-src=\"https:\/\/techmaster.com.vn\/wp-content\/uploads\/2020\/12\/spec-fluke-BT510-2.png\" data-ll-status=\"loaded\" \/><\/a><\/p>\n<p><a href=\"https:\/\/techmaster.com.vn\/wp-content\/uploads\/2020\/12\/spec-fluke-BT510-3.png\"><img decoding=\"async\" class=\"alignnone wp-image-20244 entered litespeed-loaded\" src=\"https:\/\/techmaster.com.vn\/wp-content\/uploads\/2020\/12\/spec-fluke-BT510-3.png\" alt=\"Spec Fluke BT510-3\" width=\"623\" height=\"486\" data-lazyloaded=\"1\" data-src=\"https:\/\/techmaster.com.vn\/wp-content\/uploads\/2020\/12\/spec-fluke-BT510-3.png\" data-ll-status=\"loaded\" \/><\/a><\/p>\n<p><a href=\"https:\/\/techmaster.com.vn\/wp-content\/uploads\/2020\/12\/spec-fluke-BT510-4.png\"><img loading=\"lazy\" decoding=\"async\" class=\"alignnone wp-image-20248 entered litespeed-loaded\" src=\"https:\/\/techmaster.com.vn\/wp-content\/uploads\/2020\/12\/spec-fluke-BT510-4.png\" alt=\"Spec Fluke BT510-4\" width=\"623\" height=\"486\" data-lazyloaded=\"1\" data-src=\"https:\/\/techmaster.com.vn\/wp-content\/uploads\/2020\/12\/spec-fluke-BT510-4.png\" data-ll-status=\"loaded\" \/><\/a><\/p>\n<h2><strong>Introduction FLUKE BT510 Battery Analyzer<\/strong><\/h2>\n<h3><em><strong>Reduced testing complexity, a simplified workflow and an intuitive user interface provide a new level of ease-of-use in battery testing.<\/strong><\/em><\/h3>\n<div>\n<ul>\n<li>The ideal test tool for maintenance, troubleshooting and performance testing of individual stationary batteries and battery banks used in critical battery back-up applications<\/li>\n<li>The intuitive user interface, compact design and rugged construction ensure optimum performance, test results and reliability<\/li>\n<li>Covers a broad range of battery test functions ranging from DC voltage and resistance tests to full condition testing using automated string function testing and the test probe integrated infra-red temperature measurement system<\/li>\n<li>Designed for measurements on stationary batteries of all types.<\/li>\n<\/ul>\n<p><a href=\"https:\/\/techmaster.com.vn\/wp-content\/uploads\/2020\/12\/may-phan-tich-ac-quy-fluke-bt510-5.jpg\"><img loading=\"lazy\" decoding=\"async\" class=\"alignnone size-full wp-image-13537 entered litespeed-loaded\" src=\"https:\/\/techmaster.com.vn\/wp-content\/uploads\/2020\/12\/may-phan-tich-ac-quy-fluke-bt510-5.jpg\" alt=\"M\u00e1y ph\u00e2n t\u00edch \u1eafc quy Fluke BT510 (8)\" width=\"772\" height=\"346\" data-lazyloaded=\"1\" data-src=\"https:\/\/techmaster.com.vn\/wp-content\/uploads\/2020\/12\/may-phan-tich-ac-quy-fluke-bt510-5.jpg\" data-ll-status=\"loaded\" \/><\/a><\/p>\n<h3><em><strong>Voltage and Resistance Thresholds<\/strong><\/em><\/h3>\n<p>Fluke Battery Analyzers allow you to quickly and easily define upper and lower measurement thresholds or tolerance ranges. During the testing process, measured values are automatically compared to the predefined threshold levels producing a PASS, FAIL or WARN indication after each measurement. A maximum of 10 sets of thresholds can be stored and threshold indications are determined based on the following criterion:<\/p>\n<table>\n<tbody>\n<tr>\n<td colspan=\"2\"><strong>Voltage<\/strong><\/td>\n<td colspan=\"3\"><strong>Resistance<\/strong><\/td>\n<\/tr>\n<tr>\n<td>&gt; Voltage Lower<\/td>\n<td>&lt; Voltage Lower<\/td>\n<td>&lt; Reference<\/td>\n<td>&gt; Reference and Reference x (1+Warning %)<\/td>\n<td>&gt; Reference x (1+Fail)<\/td>\n<\/tr>\n<tr>\n<td>Pass<\/td>\n<td>Fail<\/td>\n<td>Pass<\/td>\n<td>Warning<\/td>\n<td>Fail<\/td>\n<\/tr>\n<\/tbody>\n<\/table>\n<h3><em><strong>Fluke Battery Management Software<\/strong><\/em><\/h3>\n<p>Fluke Battery Management Software Easily allows you to quickly and easily import data from the battery analyzer to a PC. The measurement data and battery profile information is stored and archived with the Management Software and can be used compare results, switch results between conductance and resistance readings and perform trend analysis. All measurement data, battery profile and analysis information can be used to easily generate reports.<\/p>\n<ul>\n<li>Quick view saved readings<\/li>\n<li>Profile management<\/li>\n<li>Histogram of a battery string with end user defined threshold<\/li>\n<li>Historical trend data of batteries<\/li>\n<li>Multiple rounds of discharge voltage<\/li>\n<li>Quick Report Generation<\/li>\n<li>Upgrade Fluke Battery Analyzer firmware<\/li>\n<li>Switch measurement results between conductance and resistance readings<\/li>\n<\/ul>\n<h3><em><strong>Fluke BT510 Key features: (Designed for users who need to incorporate temperature measuring)<\/strong><\/em><\/h3>\n<ul>\n<li>\n<h4><strong>Battery Voltage<\/strong><\/h4>\n<p>\u2013 During the internal resistance test, Fluke Battery Analyzers also measure the voltage of the battery under test<\/li>\n<li>\n<h4><strong>Discharge Volts<\/strong><\/h4>\n<p>\u2013 The Discharge mode collects the voltage of each battery multiple times at a user defined interval during a discharge or load test. Users can calculate the time a battery takes to drop to the cut-off voltage and use this time to determine the capacity loss of the battery<\/li>\n<li>\n<h4><strong>Ripple Voltage Test<\/strong><\/h4>\n<p>\u2013 Measures unwanted residual ac component of the rectified voltage in dc charging and inverter circuits. Allows users to test ac components in dc charging circuits and find one of the root causes of battery deterioration<\/li>\n<li>\n<h4><strong>Meter and Sequence Modes<\/strong><\/h4>\n<p>\u2013 The Meter mode is used for a quick test or troubleshooting. In this mode you can save and read the readings in a measurement or time sequence. The Sequence mode is for maintenance tasks with multiple power systems and battery strings. Before a task starts, users can configure a profile for the task for data management and report generation<\/li>\n<li>\n<h4><strong>Threshold and Warning<\/strong><\/h4>\n<p>\u2013 Users can configure a maximum of 10 sets of thresholds and receive a Pass\/ Warning\/ Fail indication after each measurement<\/li>\n<li>\n<h4><strong>Intercell Strap Resistance Test and Data Management<\/strong><\/h4>\n<p>\u2013 Measures the resistance of the intercell connection between batteries in a string.<\/li>\n<li>\n<h4><strong>AutoHold<\/strong><\/h4>\n<p>\u2013 When AutoHold is turned on, a reading is captured when it remains stable for 1 second. The reading is then released when a new measurement starts<\/li>\n<li>\n<h4><strong>AutoSave<\/strong><\/h4>\n<p>\u2013 When AutoSave is turned on, measured values are saved to internal memory automatically after an AutoHold reading is captured<\/li>\n<li>\n<h4><strong>Fluke Battery Management Software<\/strong><\/h4>\n<p>\u2013 Easily import data from the Product to a PC. The measurement data and battery profile information is stored and archived with the Management Software and can be used for comparison and trend analysis. All measurement data, battery profile and analysis information can be used to easily generate reports<\/li>\n<li>\n<h4><strong>Comprehensive logging<\/strong><\/h4>\n<p>\u2013 All measured values are automatically captured during testing and can be reviewed on the instrument before downloading for on the-go analysis<\/li>\n<li>\n<h4><strong>Optimized user interface<\/strong><\/h4>\n<p>\u2013 Quick, guided setup ensures you\u2019re capturing the right data every time<\/li>\n<li>\n<h4><strong>Battery life<\/strong><\/h4>\n<p>\u2013 7.4 V 3000 mAh lithium-ion battery for more than eight hours continuous operation.<\/li>\n<li>\n<h4><strong>USB port<\/strong><\/h4>\n<p>\u2013 For fast data download to supplied data analysis and report management application software.<\/li>\n<li>\n<h4><strong>Highest safety rating in the industry<\/strong><\/h4>\n<p>\u2013 CAT III 600 V, 1000 V dc max. rated for safe measurements all around the battery power supply equipment.<\/li>\n<\/ul>\n<p>&nbsp;<\/p>\n<\/div>\n","protected":false},"excerpt":{"rendered":"<h2><strong>Features<\/strong><\/h2>\n<div>\n<ul>\n<li><b>Key measurements<\/b>\u00a0\u2013 Internal battery resistance, dc and ac voltage, dc and ac current, ripple voltage, frequency and temperature.<\/li>\n<li><b>Sequence measurement mode\u00a0<\/b>\u2013 Automatic or manual sequence testing of battery strings with automatic measurement storage including voltage, resistance and temperature (with BTL21 intelligent test probe), eliminating the need to press a button each time a measurement needs to be saved.<\/li>\n<li><b>Comprehensive logging<\/b>\u00a0\u2013 All measured values are automatically captured during testing and can be reviewed on the instrument before downloading for on the-go analysis.<\/li>\n<\/ul>\n<\/div>\n","protected":false},"featured_media":10691,"comment_status":"open","ping_status":"closed","template":"","meta":{"om_disable_all_campaigns":false,"_themeisle_gutenberg_block_has_review":false},"product_cat":[137],"product_tag":[],"_links":{"self":[{"href":"https:\/\/www.teczhar.com\/index.php?rest_route=\/wp\/v2\/product\/10627"}],"collection":[{"href":"https:\/\/www.teczhar.com\/index.php?rest_route=\/wp\/v2\/product"}],"about":[{"href":"https:\/\/www.teczhar.com\/index.php?rest_route=\/wp\/v2\/types\/product"}],"replies":[{"embeddable":true,"href":"https:\/\/www.teczhar.com\/index.php?rest_route=%2Fwp%2Fv2%2Fcomments&post=10627"}],"version-history":[{"count":1,"href":"https:\/\/www.teczhar.com\/index.php?rest_route=\/wp\/v2\/product\/10627\/revisions"}],"predecessor-version":[{"id":10692,"href":"https:\/\/www.teczhar.com\/index.php?rest_route=\/wp\/v2\/product\/10627\/revisions\/10692"}],"wp:featuredmedia":[{"embeddable":true,"href":"https:\/\/www.teczhar.com\/index.php?rest_route=\/wp\/v2\/media\/10691"}],"wp:attachment":[{"href":"https:\/\/www.teczhar.com\/index.php?rest_route=%2Fwp%2Fv2%2Fmedia&parent=10627"}],"wp:term":[{"taxonomy":"product_cat","embeddable":true,"href":"https:\/\/www.teczhar.com\/index.php?rest_route=%2Fwp%2Fv2%2Fproduct_cat&post=10627"},{"taxonomy":"product_tag","embeddable":true,"href":"https:\/\/www.teczhar.com\/index.php?rest_route=%2Fwp%2Fv2%2Fproduct_tag&post=10627"}],"curies":[{"name":"wp","href":"https:\/\/api.w.org\/{rel}","templated":true}]}}